{"id":24919,"date":"2024-03-22T06:19:50","date_gmt":"2024-03-22T06:19:50","guid":{"rendered":"https:\/\/redesnac.org\/?page_id=24919"},"modified":"2024-03-30T07:01:04","modified_gmt":"2024-03-30T07:01:04","slug":"contenu-video","status":"publish","type":"page","link":"https:\/\/redesnac.org\/index.php\/contenu-video\/","title":{"rendered":"Contenu video"},"content":{"rendered":"\t\t<div data-elementor-type=\"wp-page\" data-elementor-id=\"24919\" class=\"elementor elementor-24919\">\n\t\t\t\t\t\t<section class=\"elementor-section elementor-top-section elementor-element elementor-element-c294cb7 elementor-section-boxed elementor-section-height-default elementor-section-height-default sc_fly_static\" data-id=\"c294cb7\" data-element_type=\"section\" data-e-type=\"section\" data-settings=\"{&quot;background_background&quot;:&quot;classic&quot;}\">\n\t\t\t\t\t\t<div class=\"elementor-container elementor-column-gap-extended\">\n\t\t\t\t\t<div class=\"elementor-column elementor-col-100 elementor-top-column elementor-element elementor-element-6120baa sc_inner_width_none sc_content_align_inherit sc_layouts_column_icons_position_left sc_fly_static\" data-id=\"6120baa\" data-element_type=\"column\" data-e-type=\"column\">\n\t\t\t<div class=\"elementor-widget-wrap elementor-element-populated\">\n\t\t\t\t\t\t<div class=\"elementor-element elementor-element-73e7de1 sc_height_huge sc_fly_static elementor-widget elementor-widget-spacer\" data-id=\"73e7de1\" data-element_type=\"widget\" data-e-type=\"widget\" data-widget_type=\"spacer.default\">\n\t\t\t\t<div class=\"elementor-widget-container\">\n\t\t\t\t\t\t\t<div class=\"elementor-spacer\">\n\t\t\t<div class=\"elementor-spacer-inner\"><\/div>\n\t\t<\/div>\n\t\t\t\t\t\t<\/div>\n\t\t\t\t<\/div>\n\t\t\t\t\t<\/div>\n\t\t<\/div>\n\t\t\t\t\t<\/div>\n\t\t<\/section>\n\t\t\t\t<section class=\"elementor-section elementor-top-section elementor-element elementor-element-1b683f60 elementor-section-content-middle scheme_default elementor-section-boxed elementor-section-height-default elementor-section-height-default sc_fly_static\" data-id=\"1b683f60\" data-element_type=\"section\" data-e-type=\"section\" data-settings=\"{&quot;background_background&quot;:&quot;classic&quot;}\">\n\t\t\t\t\t\t<div class=\"elementor-container elementor-column-gap-extended\">\n\t\t\t\t\t<div class=\"elementor-column elementor-col-50 elementor-top-column elementor-element elementor-element-5fb469ac sc_inner_width_none sc_content_align_inherit sc_layouts_column_icons_position_left sc_fly_static\" data-id=\"5fb469ac\" data-element_type=\"column\" data-e-type=\"column\">\n\t\t\t<div class=\"elementor-widget-wrap elementor-element-populated\">\n\t\t\t\t\t\t<section class=\"elementor-section elementor-inner-section elementor-element elementor-element-f871eaa elementor-section-content-bottom elementor-section-boxed elementor-section-height-default elementor-section-height-default sc_fly_static\" data-id=\"f871eaa\" data-element_type=\"section\" data-e-type=\"section\">\n\t\t\t\t\t\t<div class=\"elementor-container elementor-column-gap-no\">\n\t\t\t\t\t<div class=\"elementor-column elementor-col-100 elementor-inner-column elementor-element elementor-element-6f1cedd5 sc_inner_width_none sc_content_align_inherit sc_layouts_column_icons_position_left sc_fly_static\" data-id=\"6f1cedd5\" data-element_type=\"column\" data-e-type=\"column\">\n\t\t\t<div class=\"elementor-widget-wrap elementor-element-populated\">\n\t\t\t\t\t\t<div class=\"elementor-element elementor-element-38d79451 elementor-widget__width-auto no-title sc_fly_static elementor-widget elementor-widget-image\" data-id=\"38d79451\" data-element_type=\"widget\" data-e-type=\"widget\" data-widget_type=\"image.default\">\n\t\t\t\t<div class=\"elementor-widget-container\">\n\t\t\t\t\t\t\t\t\t\t\t\t<figure class=\"wp-caption\">\n\t\t\t\t\t\t\t\t\t\t<img fetchpriority=\"high\" decoding=\"async\" width=\"1920\" height=\"1280\" src=\"https:\/\/redesnac.org\/wp-content\/uploads\/2024\/03\/headphones-over-laptop-on-1.jpg\" class=\"attachment-full size-full wp-image-24851\" alt=\"\" srcset=\"https:\/\/redesnac.org\/wp-content\/uploads\/2024\/03\/headphones-over-laptop-on-1.jpg 1920w, https:\/\/redesnac.org\/wp-content\/uploads\/2024\/03\/headphones-over-laptop-on-1-300x200.jpg 300w, https:\/\/redesnac.org\/wp-content\/uploads\/2024\/03\/headphones-over-laptop-on-1-1024x683.jpg 1024w, https:\/\/redesnac.org\/wp-content\/uploads\/2024\/03\/headphones-over-laptop-on-1-768x512.jpg 768w, https:\/\/redesnac.org\/wp-content\/uploads\/2024\/03\/headphones-over-laptop-on-1-1536x1024.jpg 1536w, https:\/\/redesnac.org\/wp-content\/uploads\/2024\/03\/headphones-over-laptop-on-1-370x247.jpg 370w, https:\/\/redesnac.org\/wp-content\/uploads\/2024\/03\/headphones-over-laptop-on-1-840x560.jpg 840w, https:\/\/redesnac.org\/wp-content\/uploads\/2024\/03\/headphones-over-laptop-on-1-410x273.jpg 410w\" sizes=\"(max-width: 1920px) 100vw, 1920px\" \/>\t\t\t\t\t\t\t\t\t\t\t<figcaption class=\"widget-image-caption wp-caption-text\"><\/figcaption>\n\t\t\t\t\t\t\t\t\t\t<\/figure>\n\t\t\t\t\t\t\t\t\t<\/div>\n\t\t\t\t<\/div>\n\t\t\t\t<div class=\"elementor-element elementor-element-25d714b6 scheme_dark elementor-widget__width-initial elementor-absolute sc_fly_static elementor-widget elementor-widget-heading\" data-id=\"25d714b6\" data-element_type=\"widget\" data-e-type=\"widget\" data-settings=\"{&quot;_position&quot;:&quot;absolute&quot;}\" data-widget_type=\"heading.default\">\n\t\t\t\t<div class=\"elementor-widget-container\">\n\t\t\t\t\t<h3 class=\"elementor-heading-title elementor-size-default\">Ecoutez avec un bloc-note<\/h3>\t\t\t\t<\/div>\n\t\t\t\t<\/div>\n\t\t\t\t\t<\/div>\n\t\t<\/div>\n\t\t\t\t\t<\/div>\n\t\t<\/section>\n\t\t\t\t\t<\/div>\n\t\t<\/div>\n\t\t\t\t<div class=\"elementor-column elementor-col-50 elementor-top-column elementor-element elementor-element-7a69b52 sc_inner_width_none sc_content_align_inherit sc_layouts_column_icons_position_left sc_fly_static\" data-id=\"7a69b52\" data-element_type=\"column\" data-e-type=\"column\">\n\t\t\t<div class=\"elementor-widget-wrap elementor-element-populated\">\n\t\t\t\t\t\t<div class=\"elementor-element elementor-element-5a3dec86 sc_fly_static elementor-widget elementor-widget-trx_sc_title\" data-id=\"5a3dec86\" data-element_type=\"widget\" data-e-type=\"widget\" data-widget_type=\"trx_sc_title.default\">\n\t\t\t\t<div class=\"elementor-widget-container\">\n\t\t\t\t\t<div\t\tclass=\"sc_title sc_title_default\" ><span class=\"sc_item_subtitle sc_title_subtitle sc_item_subtitle_above sc_item_title_style_default\">Enseignements<\/span><h2 class=\"sc_item_title sc_title_title sc_item_title_style_default\"\n\t\t\t><span class=\"sc_item_title_text\">Contenu video<\/span><\/h2><\/div>\t\t\t\t<\/div>\n\t\t\t\t<\/div>\n\t\t\t\t<div class=\"elementor-element elementor-element-1c9fd503 sc_fly_static elementor-widget elementor-widget-spacer\" data-id=\"1c9fd503\" data-element_type=\"widget\" data-e-type=\"widget\" data-widget_type=\"spacer.default\">\n\t\t\t\t<div class=\"elementor-widget-container\">\n\t\t\t\t\t\t\t<div class=\"elementor-spacer\">\n\t\t\t<div class=\"elementor-spacer-inner\"><\/div>\n\t\t<\/div>\n\t\t\t\t\t\t<\/div>\n\t\t\t\t<\/div>\n\t\t\t\t<div class=\"elementor-element elementor-element-5fb7c6dd sc_fly_static elementor-widget elementor-widget-text-editor\" data-id=\"5fb7c6dd\" data-element_type=\"widget\" data-e-type=\"widget\" data-widget_type=\"text-editor.default\">\n\t\t\t\t<div class=\"elementor-widget-container\">\n\t\t\t\t\t\t\t\t\t<p>Exploitez rigoureuseument les enseignements donn\u00e9s par la Tr\u00e8s Sainte Trinit\u00e9 \u00e0 travers ses instruments d&#8217;enseignement, et acc\u00e9l\u00e9rez tous les compartiments de vos vies.<\/p><p>Mettez en pratique ces enseignements et am\u00e9liorez syst\u00e9matiquement la qualit\u00e9 de votre relation avec Dieu. Vous jouirez ainsi de tous les avantages rattach\u00e9s \u00e0 cette relation d&#8217;amour dont d\u00e9pend la qualit\u00e9 de vie de tout \u00eatre humain sur terre.<\/p>\t\t\t\t\t\t\t\t<\/div>\n\t\t\t\t<\/div>\n\t\t\t\t\t<\/div>\n\t\t<\/div>\n\t\t\t\t\t<\/div>\n\t\t<\/section>\n\t\t\t\t<section class=\"elementor-section elementor-top-section elementor-element elementor-element-357d421 elementor-section-boxed elementor-section-height-default elementor-section-height-default sc_fly_static\" data-id=\"357d421\" data-element_type=\"section\" data-e-type=\"section\" data-settings=\"{&quot;background_background&quot;:&quot;classic&quot;}\">\n\t\t\t\t\t\t<div class=\"elementor-container elementor-column-gap-extended\">\n\t\t\t\t\t<div class=\"elementor-column elementor-col-100 elementor-top-column elementor-element elementor-element-f46572e sc_inner_width_none sc_content_align_inherit sc_layouts_column_icons_position_left sc_fly_static\" data-id=\"f46572e\" data-element_type=\"column\" data-e-type=\"column\">\n\t\t\t<div class=\"elementor-widget-wrap elementor-element-populated\">\n\t\t\t\t\t\t<div class=\"elementor-element elementor-element-32cc670 sc_height_huge sc_fly_static elementor-widget elementor-widget-spacer\" data-id=\"32cc670\" data-element_type=\"widget\" data-e-type=\"widget\" data-widget_type=\"spacer.default\">\n\t\t\t\t<div class=\"elementor-widget-container\">\n\t\t\t\t\t\t\t<div class=\"elementor-spacer\">\n\t\t\t<div class=\"elementor-spacer-inner\"><\/div>\n\t\t<\/div>\n\t\t\t\t\t\t<\/div>\n\t\t\t\t<\/div>\n\t\t\t\t\t<\/div>\n\t\t<\/div>\n\t\t\t\t\t<\/div>\n\t\t<\/section>\n\t\t\t\t<section class=\"elementor-section elementor-top-section elementor-element elementor-element-c4ef0e9 elementor-section-boxed elementor-section-height-default elementor-section-height-default sc_fly_static\" data-id=\"c4ef0e9\" data-element_type=\"section\" data-e-type=\"section\" data-settings=\"{&quot;background_background&quot;:&quot;classic&quot;}\">\n\t\t\t\t\t\t<div class=\"elementor-container elementor-column-gap-extended\">\n\t\t\t\t\t<div class=\"elementor-column elementor-col-100 elementor-top-column elementor-element elementor-element-2548dcc sc_inner_width_none sc_content_align_inherit sc_layouts_column_icons_position_left sc_fly_static\" data-id=\"2548dcc\" data-element_type=\"column\" data-e-type=\"column\">\n\t\t\t<div class=\"elementor-widget-wrap elementor-element-populated\">\n\t\t\t\t\t\t<div class=\"elementor-element elementor-element-470247e sc_height_small sc_fly_static elementor-widget elementor-widget-spacer\" data-id=\"470247e\" data-element_type=\"widget\" data-e-type=\"widget\" data-widget_type=\"spacer.default\">\n\t\t\t\t<div class=\"elementor-widget-container\">\n\t\t\t\t\t\t\t<div class=\"elementor-spacer\">\n\t\t\t<div class=\"elementor-spacer-inner\"><\/div>\n\t\t<\/div>\n\t\t\t\t\t\t<\/div>\n\t\t\t\t<\/div>\n\t\t\t\t<div class=\"elementor-element elementor-element-f540484 sc_fly_static elementor-widget elementor-widget-trx_sc_skills\" data-id=\"f540484\" data-element_type=\"widget\" data-e-type=\"widget\" data-widget_type=\"trx_sc_skills.default\">\n\t\t\t\t<div class=\"elementor-widget-container\">\n\t\t\t\t\t<div\t\tclass=\"sc_skills sc_skills_counter sc_skills_counter_style_counter sc_align_center\"\n\t\t\t\tdata-type=\"counter\" ><div class=\"sc_skills_columns sc_item_columns trx_addons_columns_wrap columns_padding_bottom columns_in_single_row\"><div class=\"sc_skills_column trx_addons_column-1_3\"><div class=\"sc_skills_item_wrap sc_skills_item_icon_position_top\"><div class=\"sc_skills_item\"><div class=\"sc_skills_icon sc_icon_type_ icon-contract trx_addons_inline_1417049859\"><\/div><div class=\"sc_skills_total\" data-start=\"0\" data-stop=\"200\" data-step=\"2\" data-max=\"250\" data-speed=\"15\" data-duration=\"1500\" data-ed=\"+\" data-style=\"counter\" style=\"color: var(--e-global-color-338a09f)\">0+<\/div><\/div><div class=\"sc_skills_item_title\">Enseignements<\/div><\/div><\/div><div class=\"sc_skills_column trx_addons_column-1_3\"><div class=\"sc_skills_item_wrap sc_skills_item_icon_position_top\"><div class=\"sc_skills_item\"><div class=\"sc_skills_icon sc_icon_type_ icon-clock trx_addons_inline_1406413543\"><\/div><div class=\"sc_skills_total\" data-start=\"0\" data-stop=\"250\" data-step=\"2.5\" data-max=\"250\" data-speed=\"15\" data-duration=\"1500\" data-ed=\"+\" data-style=\"counter\" style=\"color: var(--e-global-color-338a09f)\">0+<\/div><\/div><div class=\"sc_skills_item_title\">Heures<\/div><\/div><\/div><div class=\"sc_skills_column trx_addons_column-1_3\"><div class=\"sc_skills_item_wrap sc_skills_item_icon_position_top\"><div class=\"sc_skills_item\"><div class=\"sc_skills_icon sc_icon_type_ icon-file-archive trx_addons_inline_667511010\"><\/div><div class=\"sc_skills_total\" data-start=\"0\" data-stop=\"15\" data-step=\"0.15\" data-max=\"250\" data-speed=\"15\" data-duration=\"1500\" data-ed=\"+\" data-style=\"counter\" style=\"color: var(--e-global-color-338a09f)\">0+<\/div><\/div><div class=\"sc_skills_item_title\">Gigaoctets<\/div><\/div><\/div><\/div><\/div>\t\t\t\t<\/div>\n\t\t\t\t<\/div>\n\t\t\t\t<div class=\"elementor-element elementor-element-2e4a953 sc_height_small sc_fly_static elementor-widget elementor-widget-spacer\" data-id=\"2e4a953\" data-element_type=\"widget\" data-e-type=\"widget\" data-widget_type=\"spacer.default\">\n\t\t\t\t<div class=\"elementor-widget-container\">\n\t\t\t\t\t\t\t<div class=\"elementor-spacer\">\n\t\t\t<div class=\"elementor-spacer-inner\"><\/div>\n\t\t<\/div>\n\t\t\t\t\t\t<\/div>\n\t\t\t\t<\/div>\n\t\t\t\t\t<\/div>\n\t\t<\/div>\n\t\t\t\t\t<\/div>\n\t\t<\/section>\n\t\t\t\t<section class=\"elementor-section elementor-top-section elementor-element elementor-element-ea3a4d5 elementor-section-boxed elementor-section-height-default elementor-section-height-default sc_fly_static\" data-id=\"ea3a4d5\" data-element_type=\"section\" data-e-type=\"section\" data-settings=\"{&quot;background_background&quot;:&quot;classic&quot;}\">\n\t\t\t\t\t\t<div class=\"elementor-container elementor-column-gap-extended\">\n\t\t\t\t\t<div class=\"elementor-column elementor-col-100 elementor-top-column elementor-element elementor-element-7ed9d24 sc_inner_width_none sc_content_align_inherit sc_layouts_column_icons_position_left sc_fly_static\" data-id=\"7ed9d24\" data-element_type=\"column\" data-e-type=\"column\">\n\t\t\t<div class=\"elementor-widget-wrap elementor-element-populated\">\n\t\t\t\t\t\t<div class=\"elementor-element elementor-element-c4dd501 sc_height_huge sc_fly_static elementor-widget elementor-widget-spacer\" data-id=\"c4dd501\" data-element_type=\"widget\" data-e-type=\"widget\" data-widget_type=\"spacer.default\">\n\t\t\t\t<div class=\"elementor-widget-container\">\n\t\t\t\t\t\t\t<div class=\"elementor-spacer\">\n\t\t\t<div class=\"elementor-spacer-inner\"><\/div>\n\t\t<\/div>\n\t\t\t\t\t\t<\/div>\n\t\t\t\t<\/div>\n\t\t\t\t\t<\/div>\n\t\t<\/div>\n\t\t\t\t\t<\/div>\n\t\t<\/section>\n\t\t\t\t<section class=\"elementor-section elementor-top-section elementor-element elementor-element-0a6d068 elementor-section-boxed elementor-section-height-default elementor-section-height-default sc_fly_static\" data-id=\"0a6d068\" data-element_type=\"section\" data-e-type=\"section\" data-settings=\"{&quot;background_background&quot;:&quot;classic&quot;}\">\n\t\t\t\t\t\t<div class=\"elementor-container elementor-column-gap-extended\">\n\t\t\t\t\t<div class=\"elementor-column elementor-col-100 elementor-top-column elementor-element elementor-element-e9bcd3b sc_inner_width_none sc_content_align_inherit sc_layouts_column_icons_position_left sc_fly_static\" data-id=\"e9bcd3b\" data-element_type=\"column\" data-e-type=\"column\">\n\t\t\t<div class=\"elementor-widget-wrap elementor-element-populated\">\n\t\t\t\t\t\t<div class=\"elementor-element elementor-element-c1505d3 sc_fly_static elementor-widget elementor-widget-shortcode\" data-id=\"c1505d3\" data-element_type=\"widget\" data-e-type=\"widget\" data-widget_type=\"shortcode.default\">\n\t\t\t\t<div class=\"elementor-widget-container\">\n\t\t\t\t\t\t\t<div class=\"elementor-shortcode\">[youtube-feed feed=2]<\/div>\n\t\t\t\t\t\t<\/div>\n\t\t\t\t<\/div>\n\t\t\t\t<div class=\"elementor-element elementor-element-1355ade sc_height_huge sc_fly_static elementor-widget elementor-widget-spacer\" data-id=\"1355ade\" data-element_type=\"widget\" data-e-type=\"widget\" data-widget_type=\"spacer.default\">\n\t\t\t\t<div class=\"elementor-widget-container\">\n\t\t\t\t\t\t\t<div class=\"elementor-spacer\">\n\t\t\t<div class=\"elementor-spacer-inner\"><\/div>\n\t\t<\/div>\n\t\t\t\t\t\t<\/div>\n\t\t\t\t<\/div>\n\t\t\t\t\t<\/div>\n\t\t<\/div>\n\t\t\t\t\t<\/div>\n\t\t<\/section>\n\t\t\t\t<\/div>\n\t\t","protected":false},"excerpt":{"rendered":"<p>Ecoutez avec un bloc-note Enseignements Contenu video Exploitez rigoureuseument les enseignements donn\u00e9s par la Tr\u00e8s Sainte Trinit\u00e9 \u00e0 travers ses instruments d&#8217;enseignement, et acc\u00e9l\u00e9rez tous les compartiments de vos vies.&hellip;<\/p>\n","protected":false},"author":1,"featured_media":24851,"parent":0,"menu_order":0,"comment_status":"closed","ping_status":"closed","template":"","meta":{"footnotes":""},"class_list":["post-24919","page","type-page","status-publish","has-post-thumbnail","hentry"],"_links":{"self":[{"href":"https:\/\/redesnac.org\/index.php\/wp-json\/wp\/v2\/pages\/24919","targetHints":{"allow":["GET"]}}],"collection":[{"href":"https:\/\/redesnac.org\/index.php\/wp-json\/wp\/v2\/pages"}],"about":[{"href":"https:\/\/redesnac.org\/index.php\/wp-json\/wp\/v2\/types\/page"}],"author":[{"embeddable":true,"href":"https:\/\/redesnac.org\/index.php\/wp-json\/wp\/v2\/users\/1"}],"replies":[{"embeddable":true,"href":"https:\/\/redesnac.org\/index.php\/wp-json\/wp\/v2\/comments?post=24919"}],"version-history":[{"count":30,"href":"https:\/\/redesnac.org\/index.php\/wp-json\/wp\/v2\/pages\/24919\/revisions"}],"predecessor-version":[{"id":25372,"href":"https:\/\/redesnac.org\/index.php\/wp-json\/wp\/v2\/pages\/24919\/revisions\/25372"}],"wp:featuredmedia":[{"embeddable":true,"href":"https:\/\/redesnac.org\/index.php\/wp-json\/wp\/v2\/media\/24851"}],"wp:attachment":[{"href":"https:\/\/redesnac.org\/index.php\/wp-json\/wp\/v2\/media?parent=24919"}],"curies":[{"name":"wp","href":"https:\/\/api.w.org\/{rel}","templated":true}]}}