{"id":24547,"date":"2024-03-19T06:09:09","date_gmt":"2024-03-19T06:09:09","guid":{"rendered":"https:\/\/redesnac.org\/?page_id=24547"},"modified":"2024-03-22T17:34:03","modified_gmt":"2024-03-22T17:34:03","slug":"faire-un-don","status":"publish","type":"page","link":"https:\/\/redesnac.org\/index.php\/faire-un-don\/","title":{"rendered":"Faire un don"},"content":{"rendered":"\t\t<div data-elementor-type=\"wp-page\" data-elementor-id=\"24547\" class=\"elementor elementor-24547\">\n\t\t\t\t\t\t<section class=\"elementor-section elementor-top-section elementor-element elementor-element-c294cb7 elementor-section-boxed elementor-section-height-default elementor-section-height-default sc_fly_static\" data-id=\"c294cb7\" data-element_type=\"section\" data-e-type=\"section\" data-settings=\"{&quot;background_background&quot;:&quot;classic&quot;}\">\n\t\t\t\t\t\t<div class=\"elementor-container elementor-column-gap-extended\">\n\t\t\t\t\t<div class=\"elementor-column elementor-col-100 elementor-top-column elementor-element elementor-element-6120baa sc_inner_width_none sc_content_align_inherit sc_layouts_column_icons_position_left sc_fly_static\" data-id=\"6120baa\" data-element_type=\"column\" data-e-type=\"column\">\n\t\t\t<div class=\"elementor-widget-wrap elementor-element-populated\">\n\t\t\t\t\t\t<div class=\"elementor-element elementor-element-73e7de1 sc_height_huge sc_fly_static elementor-widget elementor-widget-spacer\" data-id=\"73e7de1\" data-element_type=\"widget\" data-e-type=\"widget\" data-widget_type=\"spacer.default\">\n\t\t\t\t<div class=\"elementor-widget-container\">\n\t\t\t\t\t\t\t<div class=\"elementor-spacer\">\n\t\t\t<div class=\"elementor-spacer-inner\"><\/div>\n\t\t<\/div>\n\t\t\t\t\t\t<\/div>\n\t\t\t\t<\/div>\n\t\t\t\t\t<\/div>\n\t\t<\/div>\n\t\t\t\t\t<\/div>\n\t\t<\/section>\n\t\t\t\t<section class=\"elementor-section elementor-top-section elementor-element elementor-element-1b683f60 elementor-section-content-middle scheme_default elementor-section-boxed elementor-section-height-default elementor-section-height-default sc_fly_static\" data-id=\"1b683f60\" data-element_type=\"section\" data-e-type=\"section\" data-settings=\"{&quot;background_background&quot;:&quot;classic&quot;}\">\n\t\t\t\t\t\t<div class=\"elementor-container elementor-column-gap-extended\">\n\t\t\t\t\t<div class=\"elementor-column elementor-col-50 elementor-top-column elementor-element elementor-element-5fb469ac sc_inner_width_none sc_content_align_inherit sc_layouts_column_icons_position_left sc_fly_static\" data-id=\"5fb469ac\" data-element_type=\"column\" data-e-type=\"column\">\n\t\t\t<div class=\"elementor-widget-wrap elementor-element-populated\">\n\t\t\t\t\t\t<div class=\"elementor-element elementor-element-9f5a10f sc_fly_static elementor-widget elementor-widget-trx_widget_slider\" data-id=\"9f5a10f\" data-element_type=\"widget\" data-e-type=\"widget\" id=\"control2\" data-widget_type=\"trx_widget_slider.default\">\n\t\t\t\t<div class=\"elementor-widget-container\">\n\t\t\t\t\t<div id=\"control2_sc\" class=\"widget_area sc_widget_slider\"><aside class=\"widget widget_slider\">\t\t\t<div class=\"slider_wrap slider_engine_swiper\">\n\t\t\t\t<div id=\"control2_sc_swiper_outer\" class=\"slider_outer slider_swiper_outer slider_style_default slider_source_custom slider_outer_direction_horizontal slider_outer_one slider_outer_nopagination slider_outer_nocontrols slider_outer_nocentered slider_outer_overflow_hidden slider_outer_titles_center slider_outer_height_auto\"><div id=\"control2_sc_swiper\" class=\"slider_container slider_swiper swiper-slider-container slider_direction_horizontal slider_nopagination slider_one slider_type_bg slider_nocontrols slider_nocentered slider_overflow_hidden slider_titles_center slider_resize slider_swipe slider_height_auto\" data-ratio=\"16:9\" data-interval=\"7000\" data-speed=\"600\" data-effect=\"slide\" data-pagination=\"bullets\" data-direction=\"horizontal\" data-slides-per-view=\"1\" data-slides-space=\"0\" data-slides-parallax=\"0\" data-slides-centered=\"0\" data-slides-overflow=\"0\" data-mouse-wheel=\"0\" data-autoplay=\"1\" data-loop=\"1\" data-free-mode=\"0\" data-slides-min-width=\"220\"><div class=\"slider-wrapper swiper-wrapper\"><div  class=\"slider-slide swiper-slide\" data-image=\"\/\/redesnac.org\/wp-content\/uploads\/2024\/03\/maxresdefault.jpg\" style=\"background-image:url(\/\/redesnac.org\/wp-content\/uploads\/2024\/03\/maxresdefault.jpg);\"><\/div><div  class=\"slider-slide swiper-slide\" data-image=\"\/\/redesnac.org\/wp-content\/uploads\/2024\/03\/orange-money.jpg\" style=\"background-image:url(\/\/redesnac.org\/wp-content\/uploads\/2024\/03\/orange-money.jpg);\"><\/div><div  class=\"slider-slide swiper-slide\" data-image=\"\/\/redesnac.org\/wp-content\/uploads\/2024\/03\/logo-with-bg.jpeg\" style=\"background-image:url(\/\/redesnac.org\/wp-content\/uploads\/2024\/03\/logo-with-bg.jpeg);\"><\/div><div  class=\"slider-slide swiper-slide\" data-image=\"\/\/redesnac.org\/wp-content\/uploads\/2024\/03\/meta-image.png\" style=\"background-image:url(\/\/redesnac.org\/wp-content\/uploads\/2024\/03\/meta-image.png);\"><\/div><div  class=\"slider-slide swiper-slide\" data-image=\"\/\/redesnac.org\/wp-content\/uploads\/2024\/03\/Western-Union-Log\u043e.png\" style=\"background-image:url(\/\/redesnac.org\/wp-content\/uploads\/2024\/03\/Western-Union-Log\u043e.png);\"><\/div><div  class=\"slider-slide swiper-slide\" data-image=\"\/\/redesnac.org\/wp-content\/uploads\/2024\/03\/MoneyGram-logo.png\" style=\"background-image:url(\/\/redesnac.org\/wp-content\/uploads\/2024\/03\/MoneyGram-logo.png);\"><\/div><\/div><\/div><\/div>\t\t\t<\/div>\n\t\t\t<\/aside><\/div>\t\t\t\t<\/div>\n\t\t\t\t<\/div>\n\t\t\t\t<section class=\"elementor-section elementor-inner-section elementor-element elementor-element-f871eaa elementor-section-content-bottom elementor-section-boxed elementor-section-height-default elementor-section-height-default sc_fly_static\" data-id=\"f871eaa\" data-element_type=\"section\" data-e-type=\"section\">\n\t\t\t\t\t\t<div class=\"elementor-container elementor-column-gap-no\">\n\t\t\t\t\t<div class=\"elementor-column elementor-col-100 elementor-inner-column elementor-element elementor-element-6f1cedd5 sc_inner_width_none sc_content_align_inherit sc_layouts_column_icons_position_left sc_fly_static\" data-id=\"6f1cedd5\" data-element_type=\"column\" data-e-type=\"column\">\n\t\t\t<div class=\"elementor-widget-wrap\">\n\t\t\t\t\t\t\t<\/div>\n\t\t<\/div>\n\t\t\t\t\t<\/div>\n\t\t<\/section>\n\t\t\t\t\t<\/div>\n\t\t<\/div>\n\t\t\t\t<div class=\"elementor-column elementor-col-50 elementor-top-column elementor-element elementor-element-7a69b52 sc_inner_width_none sc_content_align_inherit sc_layouts_column_icons_position_left sc_fly_static\" data-id=\"7a69b52\" data-element_type=\"column\" data-e-type=\"column\">\n\t\t\t<div class=\"elementor-widget-wrap elementor-element-populated\">\n\t\t\t\t\t\t<div class=\"elementor-element elementor-element-5a3dec86 sc_fly_static elementor-widget elementor-widget-trx_sc_title\" data-id=\"5a3dec86\" data-element_type=\"widget\" data-e-type=\"widget\" data-widget_type=\"trx_sc_title.default\">\n\t\t\t\t<div class=\"elementor-widget-container\">\n\t\t\t\t\t<div\t\tclass=\"sc_title sc_title_default\" ><span class=\"sc_item_subtitle sc_title_subtitle sc_item_subtitle_above sc_item_title_style_default\">D\u00eeme, offrandes, semence et dons divers<\/span><h2 class=\"sc_item_title sc_title_title sc_item_title_style_default\"\n\t\t\t><span class=\"sc_item_title_text\">Envoi de vos d\u00eeme, offrandes, semence et dons divers<\/span><\/h2><\/div>\t\t\t\t<\/div>\n\t\t\t\t<\/div>\n\t\t\t\t<div class=\"elementor-element elementor-element-1c9fd503 sc_fly_static elementor-widget elementor-widget-spacer\" data-id=\"1c9fd503\" data-element_type=\"widget\" data-e-type=\"widget\" data-widget_type=\"spacer.default\">\n\t\t\t\t<div class=\"elementor-widget-container\">\n\t\t\t\t\t\t\t<div class=\"elementor-spacer\">\n\t\t\t<div class=\"elementor-spacer-inner\"><\/div>\n\t\t<\/div>\n\t\t\t\t\t\t<\/div>\n\t\t\t\t<\/div>\n\t\t\t\t<div class=\"elementor-element elementor-element-5fb7c6dd sc_fly_static elementor-widget elementor-widget-text-editor\" data-id=\"5fb7c6dd\" data-element_type=\"widget\" data-e-type=\"widget\" data-widget_type=\"text-editor.default\">\n\t\t\t\t<div class=\"elementor-widget-container\">\n\t\t\t\t\t\t\t\t\t<p>Envoyez votre d\u00eeme, vos offrandes et votre semence par MTN Mobile Money, Orange Money, WorldRemit, Ria, Western Union ou MoneyGram.<\/p><p>Avant et apr\u00e8s envoi, veuillez contacter l&#8217;Homme de Dieu afin qu&#8217;il prenne les dispositions pr\u00e9vues en la mati\u00e8re en votre faveur.<\/p>\t\t\t\t\t\t\t\t<\/div>\n\t\t\t\t<\/div>\n\t\t\t\t<div class=\"elementor-element elementor-element-15a1e21 sc_fly_static elementor-widget elementor-widget-spacer\" data-id=\"15a1e21\" data-element_type=\"widget\" data-e-type=\"widget\" data-widget_type=\"spacer.default\">\n\t\t\t\t<div class=\"elementor-widget-container\">\n\t\t\t\t\t\t\t<div class=\"elementor-spacer\">\n\t\t\t<div class=\"elementor-spacer-inner\"><\/div>\n\t\t<\/div>\n\t\t\t\t\t\t<\/div>\n\t\t\t\t<\/div>\n\t\t\t\t<div class=\"elementor-element elementor-element-227780b sc_fly_static elementor-widget elementor-widget-trx_sc_slider_controls\" data-id=\"227780b\" data-element_type=\"widget\" data-e-type=\"widget\" data-widget_type=\"trx_sc_slider_controls.default\">\n\t\t\t\t<div class=\"elementor-widget-container\">\n\t\t\t\t\t<div class=\"sc_slider_controls sc_slider_controls_light slider_pagination_style_none sc_align_left\" data-slider-id=\"control2\" data-style=\"light\" data-pagination-style=\"none\"><div class=\"slider_controls_wrap with_prev with_next\"><a class=\"slider_prev\" href=\"#\"><\/a><a class=\"slider_next\" href=\"#\"><\/a><\/div><\/div>\t\t\t\t<\/div>\n\t\t\t\t<\/div>\n\t\t\t\t\t<\/div>\n\t\t<\/div>\n\t\t\t\t\t<\/div>\n\t\t<\/section>\n\t\t\t\t<section class=\"elementor-section elementor-top-section elementor-element elementor-element-357d421 elementor-section-boxed elementor-section-height-default elementor-section-height-default sc_fly_static\" data-id=\"357d421\" data-element_type=\"section\" data-e-type=\"section\" data-settings=\"{&quot;background_background&quot;:&quot;classic&quot;}\">\n\t\t\t\t\t\t<div class=\"elementor-container elementor-column-gap-extended\">\n\t\t\t\t\t<div class=\"elementor-column elementor-col-100 elementor-top-column elementor-element elementor-element-f46572e sc_inner_width_none sc_content_align_inherit sc_layouts_column_icons_position_left sc_fly_static\" data-id=\"f46572e\" data-element_type=\"column\" data-e-type=\"column\">\n\t\t\t<div class=\"elementor-widget-wrap elementor-element-populated\">\n\t\t\t\t\t\t<div class=\"elementor-element elementor-element-32cc670 sc_height_huge sc_fly_static elementor-widget elementor-widget-spacer\" data-id=\"32cc670\" data-element_type=\"widget\" data-e-type=\"widget\" data-widget_type=\"spacer.default\">\n\t\t\t\t<div class=\"elementor-widget-container\">\n\t\t\t\t\t\t\t<div class=\"elementor-spacer\">\n\t\t\t<div class=\"elementor-spacer-inner\"><\/div>\n\t\t<\/div>\n\t\t\t\t\t\t<\/div>\n\t\t\t\t<\/div>\n\t\t\t\t\t<\/div>\n\t\t<\/div>\n\t\t\t\t\t<\/div>\n\t\t<\/section>\n\t\t\t\t<section class=\"elementor-section elementor-top-section elementor-element elementor-element-0d14041 elementor-section-boxed elementor-section-height-default elementor-section-height-default sc_fly_static\" data-id=\"0d14041\" data-element_type=\"section\" data-e-type=\"section\" data-settings=\"{&quot;background_background&quot;:&quot;classic&quot;}\">\n\t\t\t\t\t\t<div class=\"elementor-container elementor-column-gap-extended\">\n\t\t\t\t\t<div class=\"elementor-column elementor-col-100 elementor-top-column elementor-element elementor-element-df95e27 sc_inner_width_none sc_content_align_inherit sc_layouts_column_icons_position_left sc_fly_static\" data-id=\"df95e27\" data-element_type=\"column\" data-e-type=\"column\">\n\t\t\t<div class=\"elementor-widget-wrap elementor-element-populated\">\n\t\t\t\t\t\t<div class=\"elementor-element elementor-element-ccb1275 sc_height_huge sc_fly_static elementor-widget elementor-widget-spacer\" data-id=\"ccb1275\" data-element_type=\"widget\" data-e-type=\"widget\" data-widget_type=\"spacer.default\">\n\t\t\t\t<div class=\"elementor-widget-container\">\n\t\t\t\t\t\t\t<div class=\"elementor-spacer\">\n\t\t\t<div class=\"elementor-spacer-inner\"><\/div>\n\t\t<\/div>\n\t\t\t\t\t\t<\/div>\n\t\t\t\t<\/div>\n\t\t\t\t<div class=\"elementor-element elementor-element-ddcb07e sc_fly_static elementor-widget elementor-widget-trx_sc_title\" data-id=\"ddcb07e\" data-element_type=\"widget\" data-e-type=\"widget\" data-widget_type=\"trx_sc_title.default\">\n\t\t\t\t<div class=\"elementor-widget-container\">\n\t\t\t\t\t<div\t\tclass=\"sc_title sc_title_default\" ><span class=\"sc_item_subtitle sc_title_subtitle sc_align_center sc_item_subtitle_above sc_item_title_style_default\">Contacts<\/span><h2 class=\"sc_item_title sc_title_title sc_align_center sc_item_title_style_default\"\n\t\t\t><span class=\"sc_item_title_text\">Contacts pour l'envoi des d\u00eeme, offrandes, semence et dons divers<\/span><\/h2><\/div>\t\t\t\t<\/div>\n\t\t\t\t<\/div>\n\t\t\t\t<div class=\"elementor-element elementor-element-512bb0d sc_height_medium sc_fly_static elementor-widget elementor-widget-spacer\" data-id=\"512bb0d\" data-element_type=\"widget\" data-e-type=\"widget\" data-widget_type=\"spacer.default\">\n\t\t\t\t<div class=\"elementor-widget-container\">\n\t\t\t\t\t\t\t<div class=\"elementor-spacer\">\n\t\t\t<div class=\"elementor-spacer-inner\"><\/div>\n\t\t<\/div>\n\t\t\t\t\t\t<\/div>\n\t\t\t\t<\/div>\n\t\t\t\t<div class=\"elementor-element elementor-element-2a9715f sc_fly_static elementor-widget elementor-widget-trx_sc_icons\" data-id=\"2a9715f\" data-element_type=\"widget\" data-e-type=\"widget\" data-widget_type=\"trx_sc_icons.default\">\n\t\t\t\t<div class=\"elementor-widget-container\">\n\t\t\t\t\t<div \tclass=\"sc_icons sc_icons_fill sc_icons_size_medium sc_align_center\" ><div class=\"sc_icons_columns_wrap sc_item_columns trx_addons_columns_wrap columns_padding_bottom\" ><div class=\"trx_addons_column-1_3\"><div class=\"sc_icons_item with_more\"><div class=\"sc_icons_icon sc_icon_type_ icon-money-light\" ><span class=\"sc_icon_type_ icon-money-light\"><\/span><\/div><div class=\"sc_icons_item_details\"><h4 class=\"sc_icons_item_title\"><span>MTN Mobile Money<\/span><\/h4><div class=\"sc_icons_item_description\"><span>Kameni Yves Rolland <\/span><span><\/span><span> (+237) 680 58 68 67<\/span><\/div><\/div><\/div><\/div><div class=\"trx_addons_column-1_3\"><div class=\"sc_icons_item with_more\"><div class=\"sc_icons_icon sc_icon_type_ icon-money-light\" ><span class=\"sc_icon_type_ icon-money-light\"><\/span><\/div><div class=\"sc_icons_item_details\"><h4 class=\"sc_icons_item_title\"><span>Orange Money<\/span><\/h4><div class=\"sc_icons_item_description\"><span>Nkou\u00e9 Serge Fran\u00e7ois <\/span><span><\/span><span> (+237) 690 67 76 16<\/span><\/div><\/div><\/div><\/div><div class=\"trx_addons_column-1_3\"><div class=\"sc_icons_item with_more\"><div class=\"sc_icons_icon sc_icon_type_ icon-money-light\" ><span class=\"sc_icon_type_ icon-money-light\"><\/span><\/div><div class=\"sc_icons_item_details\"><h4 class=\"sc_icons_item_title\"><span>WorldRemit<\/span><\/h4><div class=\"sc_icons_item_description\"><span>Kameni Yves Rolland <\/span><span><\/span><span>  (+237) 680 58 68 67 <\/span><span><\/span><span> - <\/span><span><\/span><span> Nkou\u00e9 Serge Fran\u00e7ois <\/span><span><\/span><span> (+237) 690 67 76 16 <\/span><span><\/span><span> - <\/span><span><\/span><span>Tekoudjou Mouaffo Herv\u00e9 <\/span><span><\/span><span> (+237) 621 55 57 33<\/span><\/div><\/div><\/div><\/div><div class=\"trx_addons_column-1_3\"><div class=\"sc_icons_item with_more\"><div class=\"sc_icons_icon sc_icon_type_ icon-money-light\" ><span class=\"sc_icon_type_ icon-money-light\"><\/span><\/div><div class=\"sc_icons_item_details\"><h4 class=\"sc_icons_item_title\"><span>Ria<\/span><\/h4><div class=\"sc_icons_item_description\"><span>Kameni Yves Rolland <\/span><span><\/span><span>  (+237) 680 58 68 67 <\/span><span><\/span><span> - <\/span><span><\/span><span> Nkou\u00e9 Serge Fran\u00e7ois <\/span><span><\/span><span> (+237) 690 67 76 16 <\/span><span><\/span><span> - <\/span><span><\/span><span> Tekoudjou Mouaffo Herv\u00e9 <\/span><span><\/span><span> (+237) 621 55 57 33<\/span><\/div><\/div><\/div><\/div><div class=\"trx_addons_column-1_3\"><div class=\"sc_icons_item with_more\"><div class=\"sc_icons_icon sc_icon_type_ icon-money-light\" ><span class=\"sc_icon_type_ icon-money-light\"><\/span><\/div><div class=\"sc_icons_item_details\"><h4 class=\"sc_icons_item_title\"><span>Western Union<\/span><\/h4><div class=\"sc_icons_item_description\"><span>Kameni Yves Rolland <\/span><span><\/span><span>  (+237) 680 58 68 67 <\/span><span><\/span><span> - <\/span><span><\/span><span> Nkou\u00e9 Serge Fran\u00e7ois <\/span><span><\/span><span> (+237) 690 67 76 16 <\/span><span><\/span><span> - <\/span><span><\/span><span> Tekoudjou Mouaffo Herv\u00e9 <\/span><span><\/span><span> (+237) 621 55 57 33<\/span><\/div><\/div><\/div><\/div><div class=\"trx_addons_column-1_3\"><div class=\"sc_icons_item with_more\"><div class=\"sc_icons_icon sc_icon_type_ icon-money-light\" ><span class=\"sc_icon_type_ icon-money-light\"><\/span><\/div><div class=\"sc_icons_item_details\"><h4 class=\"sc_icons_item_title\"><span>MoneyGram<\/span><\/h4><div class=\"sc_icons_item_description\"><span>Kameni Yves Rolland <\/span><span><\/span><span>  (+237) 680 58 68 67 <\/span><span><\/span><span> - <\/span><span><\/span><span> Nkou\u00e9 Serge Fran\u00e7ois <\/span><span><\/span><span> (+237) 690 67 76 16 <\/span><span><\/span><span> - <\/span><span><\/span><span> Tekoudjou Mouaffo Herv\u00e9 <\/span><span><\/span><span> (+237) 621 55 57 33<\/span><\/div><\/div><\/div><\/div><\/div><\/div><!-- \/.sc_icons -->\t\t\t\t<\/div>\n\t\t\t\t<\/div>\n\t\t\t\t<div class=\"elementor-element elementor-element-a915b1c sc_height_huge sc_fly_static elementor-widget elementor-widget-spacer\" data-id=\"a915b1c\" data-element_type=\"widget\" data-e-type=\"widget\" data-widget_type=\"spacer.default\">\n\t\t\t\t<div class=\"elementor-widget-container\">\n\t\t\t\t\t\t\t<div class=\"elementor-spacer\">\n\t\t\t<div class=\"elementor-spacer-inner\"><\/div>\n\t\t<\/div>\n\t\t\t\t\t\t<\/div>\n\t\t\t\t<\/div>\n\t\t\t\t\t<\/div>\n\t\t<\/div>\n\t\t\t\t\t<\/div>\n\t\t<\/section>\n\t\t\t\t<\/div>\n\t\t","protected":false},"excerpt":{"rendered":"<p>D\u00eeme, offrandes, semence et dons divers Envoi de vos d\u00eeme, offrandes, semence et dons divers Envoyez votre d\u00eeme, vos offrandes et votre semence par MTN Mobile Money, Orange Money, WorldRemit,&hellip;<\/p>\n","protected":false},"author":1,"featured_media":0,"parent":0,"menu_order":0,"comment_status":"closed","ping_status":"closed","template":"","meta":{"footnotes":""},"class_list":["post-24547","page","type-page","status-publish","hentry"],"_links":{"self":[{"href":"https:\/\/redesnac.org\/index.php\/wp-json\/wp\/v2\/pages\/24547","targetHints":{"allow":["GET"]}}],"collection":[{"href":"https:\/\/redesnac.org\/index.php\/wp-json\/wp\/v2\/pages"}],"about":[{"href":"https:\/\/redesnac.org\/index.php\/wp-json\/wp\/v2\/types\/page"}],"author":[{"embeddable":true,"href":"https:\/\/redesnac.org\/index.php\/wp-json\/wp\/v2\/users\/1"}],"replies":[{"embeddable":true,"href":"https:\/\/redesnac.org\/index.php\/wp-json\/wp\/v2\/comments?post=24547"}],"version-history":[{"count":73,"href":"https:\/\/redesnac.org\/index.php\/wp-json\/wp\/v2\/pages\/24547\/revisions"}],"predecessor-version":[{"id":24960,"href":"https:\/\/redesnac.org\/index.php\/wp-json\/wp\/v2\/pages\/24547\/revisions\/24960"}],"wp:attachment":[{"href":"https:\/\/redesnac.org\/index.php\/wp-json\/wp\/v2\/media?parent=24547"}],"curies":[{"name":"wp","href":"https:\/\/api.w.org\/{rel}","templated":true}]}}