{"id":18687,"date":"2022-03-29T10:54:31","date_gmt":"2022-03-29T10:54:31","guid":{"rendered":"https:\/\/redesnac.org\/?page_id=18687"},"modified":"2024-03-21T02:22:42","modified_gmt":"2024-03-21T02:22:42","slug":"faqs","status":"publish","type":"page","link":"https:\/\/redesnac.org\/index.php\/faqs\/","title":{"rendered":"FAQs"},"content":{"rendered":"\t\t<div data-elementor-type=\"wp-page\" data-elementor-id=\"18687\" class=\"elementor elementor-18687\">\n\t\t\t\t\t\t<section class=\"elementor-section elementor-top-section elementor-element elementor-element-4ece6a3 elementor-section-boxed elementor-section-height-default elementor-section-height-default sc_fly_static\" data-id=\"4ece6a3\" data-element_type=\"section\" data-e-type=\"section\" data-settings=\"{&quot;background_background&quot;:&quot;classic&quot;}\">\n\t\t\t\t\t\t<div class=\"elementor-container elementor-column-gap-extended\">\n\t\t\t\t\t<div class=\"elementor-column elementor-col-100 elementor-top-column elementor-element elementor-element-b78ffa3 sc_content_align_inherit sc_layouts_column_icons_position_left sc_fly_static\" data-id=\"b78ffa3\" data-element_type=\"column\" data-e-type=\"column\">\n\t\t\t<div class=\"elementor-widget-wrap elementor-element-populated\">\n\t\t\t\t\t\t<div class=\"elementor-element elementor-element-49aa649 sc_height_huge sc_fly_static elementor-widget elementor-widget-spacer\" data-id=\"49aa649\" data-element_type=\"widget\" data-e-type=\"widget\" data-widget_type=\"spacer.default\">\n\t\t\t\t<div class=\"elementor-widget-container\">\n\t\t\t\t\t\t\t<div class=\"elementor-spacer\">\n\t\t\t<div class=\"elementor-spacer-inner\"><\/div>\n\t\t<\/div>\n\t\t\t\t\t\t<\/div>\n\t\t\t\t<\/div>\n\t\t\t\t<div class=\"elementor-element elementor-element-1c10422 sc_fly_static elementor-widget elementor-widget-trx_sc_title\" data-id=\"1c10422\" data-element_type=\"widget\" data-e-type=\"widget\" data-widget_type=\"trx_sc_title.default\">\n\t\t\t\t<div class=\"elementor-widget-container\">\n\t\t\t\t\t<div\t\tclass=\"sc_title sc_title_default\" ><span class=\"sc_item_subtitle sc_title_subtitle sc_align_center sc_item_subtitle_above sc_item_title_style_default\">FAQ<\/span><h2 class=\"sc_item_title sc_title_title sc_align_center sc_item_title_style_default\"\n\t\t\t><span class=\"sc_item_title_text\">Questions fr\u00e9quemment pos\u00e9es<\/span><\/h2><\/div>\t\t\t\t<\/div>\n\t\t\t\t<\/div>\n\t\t\t\t<div class=\"elementor-element elementor-element-64616f3 sc_height_medium sc_fly_static elementor-widget elementor-widget-spacer\" data-id=\"64616f3\" data-element_type=\"widget\" data-e-type=\"widget\" data-widget_type=\"spacer.default\">\n\t\t\t\t<div class=\"elementor-widget-container\">\n\t\t\t\t\t\t\t<div class=\"elementor-spacer\">\n\t\t\t<div class=\"elementor-spacer-inner\"><\/div>\n\t\t<\/div>\n\t\t\t\t\t\t<\/div>\n\t\t\t\t<\/div>\n\t\t\t\t\t<\/div>\n\t\t<\/div>\n\t\t\t\t\t<\/div>\n\t\t<\/section>\n\t\t\t\t<section class=\"elementor-section elementor-top-section elementor-element elementor-element-16d4d495 scheme_light elementor-section-boxed elementor-section-height-default elementor-section-height-default sc_fly_static\" data-id=\"16d4d495\" data-element_type=\"section\" data-e-type=\"section\" data-settings=\"{&quot;background_background&quot;:&quot;classic&quot;}\">\n\t\t\t\t\t\t<div class=\"elementor-container elementor-column-gap-extended\">\n\t\t\t\t\t<div class=\"elementor-column elementor-col-25 elementor-top-column elementor-element elementor-element-47327fb1 sc_content_align_inherit sc_layouts_column_icons_position_left sc_fly_static\" data-id=\"47327fb1\" data-element_type=\"column\" data-e-type=\"column\">\n\t\t\t<div class=\"elementor-widget-wrap\">\n\t\t\t\t\t\t\t<\/div>\n\t\t<\/div>\n\t\t\t\t<div class=\"elementor-column elementor-col-50 elementor-top-column elementor-element elementor-element-35fc58c7 sc_content_align_inherit sc_layouts_column_icons_position_left sc_fly_static\" data-id=\"35fc58c7\" data-element_type=\"column\" data-e-type=\"column\">\n\t\t\t<div class=\"elementor-widget-wrap elementor-element-populated\">\n\t\t\t\t\t\t<div class=\"elementor-element elementor-element-9248b41 sc_fly_static elementor-widget elementor-widget-toggle\" data-id=\"9248b41\" data-element_type=\"widget\" data-e-type=\"widget\" data-widget_type=\"toggle.default\">\n\t\t\t\t<div class=\"elementor-widget-container\">\n\t\t\t\t\t\t\t<div class=\"elementor-toggle\">\n\t\t\t\t\t\t\t<div class=\"elementor-toggle-item\">\n\t\t\t\t\t<h5 id=\"elementor-tab-title-1531\" class=\"elementor-tab-title\" data-tab=\"1\" role=\"button\" aria-controls=\"elementor-tab-content-1531\" aria-expanded=\"false\">\n\t\t\t\t\t\t\t\t\t\t\t\t<span class=\"elementor-toggle-icon elementor-toggle-icon-right\" aria-hidden=\"true\">\n\t\t\t\t\t\t\t\t\t\t\t\t\t\t\t<span class=\"elementor-toggle-icon-closed\"><i class=\"fas fa-plus\"><\/i><\/span>\n\t\t\t\t\t\t\t\t<span class=\"elementor-toggle-icon-opened\"><i class=\"elementor-toggle-icon-opened fas fa-minus\"><\/i><\/span>\n\t\t\t\t\t\t\t\t\t\t\t\t\t<\/span>\n\t\t\t\t\t\t\t\t\t\t\t\t<a class=\"elementor-toggle-title\" tabindex=\"0\">Que devrais-je savoir avant de commencer le programme de pri\u00e8re ?<\/a>\n\t\t\t\t\t<\/h5>\n\n\t\t\t\t\t<div id=\"elementor-tab-content-1531\" class=\"elementor-tab-content elementor-clearfix\" data-tab=\"1\" role=\"region\" aria-labelledby=\"elementor-tab-title-1531\"><p>Ce programme de pri\u00e8re est une r\u00e9ponse de Dieu aux pr\u00e9occupations de ses enfants sur terre. C&#8217;est un engagement que prend Dieu lui-m\u00eame d&#8217;apporter des solutions \u00e0 toutes les probl\u00e9matiques rencontr\u00e9es par ceux qui mettent leur confiance en lui.<\/p><p>N.B: Lire absolument les neuf (09) promesses qui accompagnent ce programme.<\/p><\/div>\n\t\t\t\t<\/div>\n\t\t\t\t\t\t\t<div class=\"elementor-toggle-item\">\n\t\t\t\t\t<h5 id=\"elementor-tab-title-1532\" class=\"elementor-tab-title\" data-tab=\"2\" role=\"button\" aria-controls=\"elementor-tab-content-1532\" aria-expanded=\"false\">\n\t\t\t\t\t\t\t\t\t\t\t\t<span class=\"elementor-toggle-icon elementor-toggle-icon-right\" aria-hidden=\"true\">\n\t\t\t\t\t\t\t\t\t\t\t\t\t\t\t<span class=\"elementor-toggle-icon-closed\"><i class=\"fas fa-plus\"><\/i><\/span>\n\t\t\t\t\t\t\t\t<span class=\"elementor-toggle-icon-opened\"><i class=\"elementor-toggle-icon-opened fas fa-minus\"><\/i><\/span>\n\t\t\t\t\t\t\t\t\t\t\t\t\t<\/span>\n\t\t\t\t\t\t\t\t\t\t\t\t<a class=\"elementor-toggle-title\" tabindex=\"0\">Je suis tr\u00e8s occup\u00e9(e). Est-ce que vous ne pouvez pas juste prier pour moi ?<\/a>\n\t\t\t\t\t<\/h5>\n\n\t\t\t\t\t<div id=\"elementor-tab-content-1532\" class=\"elementor-tab-content elementor-clearfix\" data-tab=\"2\" role=\"region\" aria-labelledby=\"elementor-tab-title-1532\">Prier pour vous n&#8217;est pas un probl\u00e8me, cependant personne mieux que vous-m\u00eame ne pourra mieux expliquer la situation que vous traversez au P\u00e8re \u00c9ternel. Dieu est un P\u00e8re. Comment comprendre qu&#8217;un enfant veuille passer par un interm\u00e9diaire pour s&#8217;adresser \u00e0 son P\u00e8re ? Vous devez vous r\u00e9concilier avec votre P\u00e8re en prenant l&#8217;habitude d&#8217;aller chuchoter \u00e0 son oreille, chaque fois que vous vous sentez d\u00e9pass\u00e9(e) par certaines situations de la vie.  Dieu est disponible, prenez l&#8217;habitude de lui parler. Faites-le avec humilit\u00e9, avec un c\u0153ur d&#8217;enfant et vous recevrez in\u00e9vitablement sa r\u00e9ponse, celle d&#8217;un P\u00e8re plein d&#8217;amour pour sa cr\u00e9ature.<\/div>\n\t\t\t\t<\/div>\n\t\t\t\t\t\t\t<div class=\"elementor-toggle-item\">\n\t\t\t\t\t<h5 id=\"elementor-tab-title-1533\" class=\"elementor-tab-title\" data-tab=\"3\" role=\"button\" aria-controls=\"elementor-tab-content-1533\" aria-expanded=\"false\">\n\t\t\t\t\t\t\t\t\t\t\t\t<span class=\"elementor-toggle-icon elementor-toggle-icon-right\" aria-hidden=\"true\">\n\t\t\t\t\t\t\t\t\t\t\t\t\t\t\t<span class=\"elementor-toggle-icon-closed\"><i class=\"fas fa-plus\"><\/i><\/span>\n\t\t\t\t\t\t\t\t<span class=\"elementor-toggle-icon-opened\"><i class=\"elementor-toggle-icon-opened fas fa-minus\"><\/i><\/span>\n\t\t\t\t\t\t\t\t\t\t\t\t\t<\/span>\n\t\t\t\t\t\t\t\t\t\t\t\t<a class=\"elementor-toggle-title\" tabindex=\"0\">Comment faire partie de la communaut\u00e9 du Tr\u00e8s Saint Minist\u00e8re International Rep\u00e8re des Nations en Christ ?<\/a>\n\t\t\t\t\t<\/h5>\n\n\t\t\t\t\t<div id=\"elementor-tab-content-1533\" class=\"elementor-tab-content elementor-clearfix\" data-tab=\"3\" role=\"region\" aria-labelledby=\"elementor-tab-title-1533\">Vous pouvez devenir membre de la communaut\u00e9 du TSMI REDESNAC en vous abonnant aux comptes Facebook, Instagram, X (Twitter), TikTok, \u00e0 la cha\u00eene Youtube du minist\u00e8re, en \u00ablikant\u00bb, en commentant et en partageant les publications du minist\u00e8re, en invitant vos amis et connaissances \u00e0 faire autant, en \u00e9coutant et en mettant en pratique les enseignements du TSMI REDESNAC.\n<\/div>\n\t\t\t\t<\/div>\n\t\t\t\t\t\t\t<div class=\"elementor-toggle-item\">\n\t\t\t\t\t<h5 id=\"elementor-tab-title-1534\" class=\"elementor-tab-title\" data-tab=\"4\" role=\"button\" aria-controls=\"elementor-tab-content-1534\" aria-expanded=\"false\">\n\t\t\t\t\t\t\t\t\t\t\t\t<span class=\"elementor-toggle-icon elementor-toggle-icon-right\" aria-hidden=\"true\">\n\t\t\t\t\t\t\t\t\t\t\t\t\t\t\t<span class=\"elementor-toggle-icon-closed\"><i class=\"fas fa-plus\"><\/i><\/span>\n\t\t\t\t\t\t\t\t<span class=\"elementor-toggle-icon-opened\"><i class=\"elementor-toggle-icon-opened fas fa-minus\"><\/i><\/span>\n\t\t\t\t\t\t\t\t\t\t\t\t\t<\/span>\n\t\t\t\t\t\t\t\t\t\t\t\t<a class=\"elementor-toggle-title\" tabindex=\"0\">Ai-je vraiment besoin d'un encadreur ?<\/a>\n\t\t\t\t\t<\/h5>\n\n\t\t\t\t\t<div id=\"elementor-tab-content-1534\" class=\"elementor-tab-content elementor-clearfix\" data-tab=\"4\" role=\"region\" aria-labelledby=\"elementor-tab-title-1534\">Le monde de la spiritualit\u00e9 est vaste et illimit\u00e9. Il est important d&#8217;avoir un encadreur pour \u00e9viter de tomber dans les pi\u00e8ges de la manipulation mentale et des faux hommes dits de Dieu. Un encadreur est une personne qui a d\u00e9j\u00e0 une certaine exp\u00e9rience et un certain niveau de responsabilit\u00e9 dans la marche avec Dieu. C&#8217;est une personne qui est charg\u00e9e de vous orienter, d&#8217;apporter des \u00e9l\u00e9ments de r\u00e9ponse \u00e0 vos pr\u00e9occupations d&#8217;ordre spirituel. Il vous aidera \u00e0 mieux faire vos activit\u00e9s spirituelles, fort de son exp\u00e9rience dans la marche avec Dieu.<\/div>\n\t\t\t\t<\/div>\n\t\t\t\t\t\t\t<div class=\"elementor-toggle-item\">\n\t\t\t\t\t<h5 id=\"elementor-tab-title-1535\" class=\"elementor-tab-title\" data-tab=\"5\" role=\"button\" aria-controls=\"elementor-tab-content-1535\" aria-expanded=\"false\">\n\t\t\t\t\t\t\t\t\t\t\t\t<span class=\"elementor-toggle-icon elementor-toggle-icon-right\" aria-hidden=\"true\">\n\t\t\t\t\t\t\t\t\t\t\t\t\t\t\t<span class=\"elementor-toggle-icon-closed\"><i class=\"fas fa-plus\"><\/i><\/span>\n\t\t\t\t\t\t\t\t<span class=\"elementor-toggle-icon-opened\"><i class=\"elementor-toggle-icon-opened fas fa-minus\"><\/i><\/span>\n\t\t\t\t\t\t\t\t\t\t\t\t\t<\/span>\n\t\t\t\t\t\t\t\t\t\t\t\t<a class=\"elementor-toggle-title\" tabindex=\"0\">Je suis en couple, et ma conjointe (ou mon conjoint) ne veut pas prier. Que faire ?<\/a>\n\t\t\t\t\t<\/h5>\n\n\t\t\t\t\t<div id=\"elementor-tab-content-1535\" class=\"elementor-tab-content elementor-clearfix\" data-tab=\"5\" role=\"region\" aria-labelledby=\"elementor-tab-title-1535\">Si vous avez un conjoint qui ne prie pas, ne lui forcez pas la main. Priez simplement l&#8217;Esprit-Saint de transformer son c\u0153ur de mani\u00e8re \u00e0 le rendre r\u00e9ceptif au message de l&#8217;\u00c9vangile. Demandez \u00e0 l&#8217;Esprit-Saint de briser toutes les r\u00e9sistances dans la vie de ce conjoint afin de susciter en lui (ou en elle) un d\u00e9sir sinc\u00e8re et profond de conna\u00eetre J\u00e9sus-Christ, ainsi que le d\u00e9sir sinc\u00e8re de vivre et de marcher selon les voix de Dieu.<\/div>\n\t\t\t\t<\/div>\n\t\t\t\t\t\t\t<div class=\"elementor-toggle-item\">\n\t\t\t\t\t<h5 id=\"elementor-tab-title-1536\" class=\"elementor-tab-title\" data-tab=\"6\" role=\"button\" aria-controls=\"elementor-tab-content-1536\" aria-expanded=\"false\">\n\t\t\t\t\t\t\t\t\t\t\t\t<span class=\"elementor-toggle-icon elementor-toggle-icon-right\" aria-hidden=\"true\">\n\t\t\t\t\t\t\t\t\t\t\t\t\t\t\t<span class=\"elementor-toggle-icon-closed\"><i class=\"fas fa-plus\"><\/i><\/span>\n\t\t\t\t\t\t\t\t<span class=\"elementor-toggle-icon-opened\"><i class=\"elementor-toggle-icon-opened fas fa-minus\"><\/i><\/span>\n\t\t\t\t\t\t\t\t\t\t\t\t\t<\/span>\n\t\t\t\t\t\t\t\t\t\t\t\t<a class=\"elementor-toggle-title\" tabindex=\"0\">Je n'arrive pas \u00e0 respecter l'heure de pri\u00e8re de minuit, j'ai sommeil. Que faire ?<\/a>\n\t\t\t\t\t<\/h5>\n\n\t\t\t\t\t<div id=\"elementor-tab-content-1536\" class=\"elementor-tab-content elementor-clearfix\" data-tab=\"6\" role=\"region\" aria-labelledby=\"elementor-tab-title-1536\">Si vous avez des difficult\u00e9s \u00e0 respecter vos horaires de pri\u00e8re, \u00e9vitez la routine en priant au moment o\u00f9 vous vous sentez le plus en forme. Vous pouvez anticiper en commen\u00e7ant votre pri\u00e8re ou activit\u00e9 spirituelle, trente (30) minutes avant l&#8217;heure pr\u00e9vue. Demandez toujours \u00e0 l&#8217;Esprit-Saint d&#8217;an\u00e9antir les esprits de fatigue, de lourdeur, de sommeil, de distraction et de procrastination. Faites-le toujours avant de commencer vos activit\u00e9s spirituelles (pri\u00e8re, lecture de la Parole de Dieu, \u00e9coute des enseignements&#8230;).<\/div>\n\t\t\t\t<\/div>\n\t\t\t\t\t\t\t\t<\/div>\n\t\t\t\t\t\t<\/div>\n\t\t\t\t<\/div>\n\t\t\t\t\t<\/div>\n\t\t<\/div>\n\t\t\t\t<div class=\"elementor-column elementor-col-25 elementor-top-column elementor-element elementor-element-2bc63bdd sc_content_align_inherit sc_layouts_column_icons_position_left sc_fly_static\" data-id=\"2bc63bdd\" data-element_type=\"column\" data-e-type=\"column\">\n\t\t\t<div class=\"elementor-widget-wrap\">\n\t\t\t\t\t\t\t<\/div>\n\t\t<\/div>\n\t\t\t\t\t<\/div>\n\t\t<\/section>\n\t\t\t\t<section class=\"elementor-section elementor-top-section elementor-element elementor-element-17117db elementor-section-boxed elementor-section-height-default elementor-section-height-default sc_fly_static\" data-id=\"17117db\" data-element_type=\"section\" data-e-type=\"section\" data-settings=\"{&quot;background_background&quot;:&quot;classic&quot;}\">\n\t\t\t\t\t\t<div class=\"elementor-container elementor-column-gap-extended\">\n\t\t\t\t\t<div class=\"elementor-column elementor-col-100 elementor-top-column elementor-element elementor-element-f829951 sc_content_align_inherit sc_layouts_column_icons_position_left sc_fly_static\" data-id=\"f829951\" data-element_type=\"column\" data-e-type=\"column\">\n\t\t\t<div class=\"elementor-widget-wrap elementor-element-populated\">\n\t\t\t\t\t\t<div class=\"elementor-element elementor-element-3f86084 sc_height_huge sc_fly_static elementor-widget elementor-widget-spacer\" data-id=\"3f86084\" data-element_type=\"widget\" data-e-type=\"widget\" data-widget_type=\"spacer.default\">\n\t\t\t\t<div class=\"elementor-widget-container\">\n\t\t\t\t\t\t\t<div class=\"elementor-spacer\">\n\t\t\t<div class=\"elementor-spacer-inner\"><\/div>\n\t\t<\/div>\n\t\t\t\t\t\t<\/div>\n\t\t\t\t<\/div>\n\t\t\t\t\t<\/div>\n\t\t<\/div>\n\t\t\t\t\t<\/div>\n\t\t<\/section>\n\t\t\t\t<\/div>\n\t\t","protected":false},"excerpt":{"rendered":"<p>FAQ Questions fr\u00e9quemment pos\u00e9es Que devrais-je savoir avant de commencer le programme de pri\u00e8re ? Ce programme de pri\u00e8re est une r\u00e9ponse de Dieu aux pr\u00e9occupations de ses enfants sur&hellip;<\/p>\n","protected":false},"author":1,"featured_media":0,"parent":0,"menu_order":0,"comment_status":"closed","ping_status":"closed","template":"","meta":{"footnotes":""},"class_list":["post-18687","page","type-page","status-publish","hentry"],"_links":{"self":[{"href":"https:\/\/redesnac.org\/index.php\/wp-json\/wp\/v2\/pages\/18687","targetHints":{"allow":["GET"]}}],"collection":[{"href":"https:\/\/redesnac.org\/index.php\/wp-json\/wp\/v2\/pages"}],"about":[{"href":"https:\/\/redesnac.org\/index.php\/wp-json\/wp\/v2\/types\/page"}],"author":[{"embeddable":true,"href":"https:\/\/redesnac.org\/index.php\/wp-json\/wp\/v2\/users\/1"}],"replies":[{"embeddable":true,"href":"https:\/\/redesnac.org\/index.php\/wp-json\/wp\/v2\/comments?post=18687"}],"version-history":[{"count":34,"href":"https:\/\/redesnac.org\/index.php\/wp-json\/wp\/v2\/pages\/18687\/revisions"}],"predecessor-version":[{"id":24834,"href":"https:\/\/redesnac.org\/index.php\/wp-json\/wp\/v2\/pages\/18687\/revisions\/24834"}],"wp:attachment":[{"href":"https:\/\/redesnac.org\/index.php\/wp-json\/wp\/v2\/media?parent=18687"}],"curies":[{"name":"wp","href":"https:\/\/api.w.org\/{rel}","templated":true}]}}